{"id":317,"date":"2023-12-04T16:47:48","date_gmt":"2023-12-04T19:47:48","guid":{"rendered":"https:\/\/wwwmicrotech.azurewebsites.net\/?page_id=317"},"modified":"2024-12-31T08:23:34","modified_gmt":"2024-12-31T11:23:34","slug":"inicio","status":"publish","type":"page","link":"https:\/\/www.microtechpy.com\/en\/inicio\/","title":{"rendered":"Inicio &#8211; Old"},"content":{"rendered":"<div class=\"brz-root__container brz-reset-all brz\">\n<section id=\"_i1ZoCQxa9YCT\" class=\"brz-section brz-css-eVugt brz-css-pXXNR\">\n<div class=\"brz-section__content brz-section--boxed brz-css-mppYk brz-css-wPTmS\" data-brz-custom-id=\"xY51qMT92wN0\">\n<div class=\"brz-bg\">\n<div class=\"brz-bg-image\"><\/div>\n<div data-type=\"bgVideoCustom\" data-loop=\"true\" data-start=\"0\" class=\"brz-bg-video\"><video class=\"brz-bg-video-custom brz-bg-video__cover\" muted=\"\" autoplay=\"\" playsinline=\"\" src=\"\/wp-content\/uploads\/2024\/04\/Microtech-Hero.mp4\" data-src=\"\/wp-content\/uploads\/2024\/04\/Microtech-Hero.mp4\"><\/video><\/div>\n<div class=\"brz-bg-color\"><\/div>\n<\/div>\n<div class=\"brz-container brz-css-kvdPL\">\n<div class=\"brz-row__container brz-css-fY0eN\" data-brz-custom-id=\"fYt3lSYaCfKF\">\n<div class=\"brz-bg\"><\/div>\n<div class=\"brz-row brz-css-tNDmu brz-css-lWmoV\">\n<div class=\"brz-columns brz-css-cyG9I brz-css-eJIBL\" data-brz-custom-id=\"aS7LqgNbOmER\">\n<div class=\"brz-bg\"><\/div>\n<div class=\"brz-column__items brz-css-hMa0b brz-css-qnCMz\">\n<div id=\"\" class=\"brz-css-aU1Be brz-css-zaEA2 brz-wrapper\">\n<div class=\"brz-rich-text brz-rich-text__custom brz-css-kcsyv\" data-brz-custom-id=\"f37LSg1tcC5r\">\n<div data-brz-translate-text=\"1\">\n<p class=\"brz-tp-lg-abovetitle brz-text-xs-center brz-css-wh9b9\" data-uniq-id=\"nsHu4\" data-generated-css=\"brz-css-lrG3C\"><span class=\"brz-cp-color6\">We are part of the DIVISERV group<\/span><\/p>\n<\/div>\n<\/div>\n<\/div>\n<div id=\"\" class=\"brz-css-aU1Be brz-wrapper\">\n<div class=\"brz-rich-text brz-rich-text__custom brz-css-kcsyv\" data-brz-custom-id=\"d9CrAkuZxVeT\">\n<div data-brz-translate-text=\"1\">\n<h1 class=\"brz-fs-xs-54 brz-fs-sm-50 brz-fw-xs-500 brz-fw-sm-500 brz-ls-xs-0 brz-ls-sm-0 brz-lh-xs-1_1 brz-lh-sm-1_2 brz-ft-google brz-fs-lg-75 brz-fss-lg-px brz-fw-lg-500 brz-ls-lg-0 brz-lh-lg-1_2 brz-ff-barlow brz-tp-lg-heading1 brz-text-xs-center brz-css-sKra7\" data-generated-css=\"brz-css-q4H0J\" data-uniq-id=\"jWaui\"><span class=\"brz-cp-color8 brz-capitalize-on\">WE PROVIDE High-value business solutions<\/span><\/h1>\n<\/div>\n<\/div>\n<\/div>\n<div id=\"\" class=\"brz-css-aU1Be brz-wrapper\">\n<div class=\"brz-rich-text brz-rich-text__custom brz-css-kcsyv\" data-brz-custom-id=\"ltQttiRsYVXi\">\n<div data-brz-translate-text=\"1\">\n<p class=\"brz-tp-lg-paragraph brz-tp-xs-empty brz-fs-xs-20 brz-fss-xs-px brz-fw-xs-400 brz-ls-xs-0 brz-lh-xs-1_6 brz-vfw-xs-400 brz-fwdth-xs-100 brz-fsft-xs-0 brz-ff-montserrat brz-ft-google brz-text-xs-center brz-css-aEKYX\" data-generated-css=\"brz-css-c0Xsy\" data-uniq-id=\"rzi4H\"><span class=\"brz-cp-color8\">With a highly qualified team that will design customized strategies to achieve your goals. <\/span><\/p>\n<\/div>\n<\/div>\n<\/div>\n<div class=\"brz-wrapper-clone brz-css-dmV5G\">\n<div class=\"brz-d-xs-flex brz-flex-xs-wrap brz-css-vz761 brz-css-xfMG1\" data-brz-custom-id=\"\">\n<div class=\"brz-wrapper-clone__item\" id=\"vvlY9yqzZtQr\"><a class=\"brz-a brz-btn brz-css-pImHw brz-css-diYfp brz-css-hFslT brz-css-eShvA\" href=\"\" target=\"_self\" rel=\"noopener\" data-brz-link-type=\"page\" data-brz-custom-id=\"vvlY9yqzZtQr\"><span data-brz-translate-text=\"1\" class=\"brz-span brz-text__editor\">About Us<\/span><\/a><\/div>\n<\/div>\n<\/div>\n<div id=\"\" class=\"brz-css-aU1Be brz-css-kFtyv brz-wrapper\">\n<div class=\"brz-spacer brz-css-ocs0l brz-css-ggI_l\"><\/div>\n<\/div>\n<\/div>\n<\/div>\n<div class=\"brz-columns brz-css-cyG9I brz-css-emkdw\" data-brz-custom-id=\"kTSlzNZdgM9H\">\n<div class=\"brz-bg\"><\/div>\n<div class=\"brz-column__items brz-css-hMa0b\"><\/div>\n<\/div>\n<\/div>\n<\/div>\n<\/div>\n<\/div>\n<\/section>\n<section id=\"_trqxRhdDI3tm\" class=\"brz-section brz-css-eVugt\">\n<div class=\"brz-section__content brz-section--boxed brz-css-mppYk brz-css-rVGZs\" data-brz-custom-id=\"xxXbp9N5dt0N\">\n<div class=\"brz-container brz-css-kvdPL\">\n<div id=\"\" class=\"brz-css-aU1Be brz-css-kFtyv brz-wrapper\">\n<div class=\"brz-spacer brz-css-ocs0l brz-css-u6XB4\"><\/div>\n<\/div>\n<div class=\"brz-row__container brz-css-fY0eN\" data-brz-custom-id=\"n2qKOfqd3G0K\">\n<div class=\"brz-bg\"><\/div>\n<div class=\"brz-row brz-css-tNDmu brz-css-lWmoV\">\n<div class=\"brz-columns brz-css-cyG9I\" data-brz-custom-id=\"mrKFa17eV92G\">\n<div class=\"brz-bg\"><\/div>\n<div class=\"brz-column__items brz-css-hMa0b brz-css-jaOTm\">\n<div class=\"brz-wrapper-clone brz-css-dmV5G brz-css-fWCW3\">\n<div class=\"brz-d-xs-flex brz-flex-xs-wrap brz-css-vz761\" data-brz-custom-id=\"\">\n<div class=\"brz-wrapper-clone__item\" id=\"auMqQ9OHBgho\">\n<div class=\"brz-icon__container\" data-brz-custom-id=\"auMqQ9OHBgho\"><span class=\"brz-icon brz-span brz-css-aRpbM brz-css-cAGNt\"><\/span><\/div>\n<\/div>\n<\/div>\n<\/div>\n<div id=\"\" class=\"brz-css-aU1Be brz-css-kFtyv brz-wrapper\">\n<div class=\"brz-spacer brz-css-ocs0l brz-css-pEMx9\"><\/div>\n<\/div>\n<div id=\"\" class=\"brz-css-aU1Be brz-css-yjZ5l brz-wrapper\">\n<div class=\"brz-rich-text brz-rich-text__custom brz-css-kcsyv\" data-brz-custom-id=\"ygT0uNLmgiwh\">\n<div data-brz-translate-text=\"1\">\n<p class=\"brz-text-sm-center brz-tp-lg-heading4 brz-mt-lg-0 brz-text-lg-center brz-css-supYR\" data-uniq-id=\"nLe7J\" data-generated-css=\"brz-css-sk841\"><span class=\"brz-cp-color2\">MISSION<\/span><\/p>\n<\/div>\n<\/div>\n<\/div>\n<div id=\"\" class=\"brz-css-aU1Be brz-css-kFtyv brz-wrapper\">\n<div class=\"brz-spacer brz-css-ocs0l brz-css-l5b5g\"><\/div>\n<\/div>\n<div id=\"\" class=\"brz-css-aU1Be brz-css-r5kdQ brz-wrapper\">\n<div class=\"brz-rich-text brz-rich-text__custom brz-css-kcsyv\" data-brz-custom-id=\"bl7cN042yVdo\">\n<div data-brz-translate-text=\"1\">\n<p class=\"brz-tp-lg-paragraph brz-mt-lg-0 brz-fs-sm-16 brz-text-sm-center brz-text-lg-center brz-css-u0YXY\" data-generated-css=\"brz-css-sCmeb\" data-uniq-id=\"y0xJZ\"><span class=\"brz-cp-color7\">To deliver technological solutions that allow our clients to streamline their processes, improve relationships and efficiently manage the different work areas, helping them to make strategic decisions based on DATA.<\/span><\/p>\n<\/div>\n<\/div>\n<\/div>\n<\/div>\n<\/div>\n<div class=\"brz-columns brz-css-cyG9I\" data-brz-custom-id=\"cMz4kOWvP6f_\">\n<div class=\"brz-bg\"><\/div>\n<div class=\"brz-column__items brz-css-hMa0b brz-css-wByFa\">\n<div class=\"brz-wrapper-clone brz-css-dmV5G brz-css-w0sZn\">\n<div class=\"brz-d-xs-flex brz-flex-xs-wrap brz-css-vz761\" data-brz-custom-id=\"\">\n<div class=\"brz-wrapper-clone__item\" id=\"etxHnCQKsHUx\">\n<div class=\"brz-icon__container\" data-brz-custom-id=\"etxHnCQKsHUx\"><span class=\"brz-icon brz-span brz-css-aRpbM brz-css-z2axh\"><\/span><\/div>\n<\/div>\n<\/div>\n<\/div>\n<div id=\"\" class=\"brz-css-aU1Be brz-css-kFtyv brz-wrapper\">\n<div class=\"brz-spacer brz-css-ocs0l brz-css-wpS5v\"><\/div>\n<\/div>\n<div id=\"\" class=\"brz-css-aU1Be brz-css-tT9ji brz-wrapper\">\n<div class=\"brz-rich-text brz-rich-text__custom brz-css-kcsyv\" data-brz-custom-id=\"w4fxiHvufDw7\">\n<div data-brz-translate-text=\"1\">\n<p class=\"brz-text-sm-center brz-tp-lg-heading4 brz-mt-lg-0 brz-text-lg-center brz-css-fJI5Q\" data-uniq-id=\"qAVGd\" data-generated-css=\"brz-css-mwsa_\"><span class=\"brz-cp-color2\">VISION<\/span><\/p>\n<\/div>\n<\/div>\n<\/div>\n<div id=\"\" class=\"brz-css-aU1Be brz-css-kFtyv brz-wrapper\">\n<div class=\"brz-spacer brz-css-ocs0l brz-css-xKeuW\"><\/div>\n<\/div>\n<div id=\"\" class=\"brz-css-aU1Be brz-css-diaEr brz-wrapper\">\n<div class=\"brz-rich-text brz-rich-text__custom brz-css-kcsyv\" data-brz-custom-id=\"ftYQwMpwpLYi\">\n<div data-brz-translate-text=\"1\">\n<p class=\"brz-tp-lg-paragraph brz-mt-lg-0 brz-fs-sm-16 brz-text-sm-center brz-text-lg-center brz-css-bj75E\" data-generated-css=\"brz-css-o0wim\" data-uniq-id=\"dtBHk\"><span class=\"brz-cp-color7\">Deliver high value solutions, based on data and technological processes, for Paraguayan and international companies. <\/span><\/p>\n<\/div>\n<\/div>\n<\/div>\n<\/div>\n<\/div>\n<\/div>\n<\/div>\n<div id=\"\" class=\"brz-css-aU1Be brz-css-kFtyv brz-wrapper\">\n<div class=\"brz-spacer brz-css-ocs0l brz-css-fMBa1\"><\/div>\n<\/div>\n<\/div>\n<\/div>\n<\/section>\n<\/div>\n<p>    <!-- version:1735644213 --><\/p>","protected":false},"excerpt":{"rendered":"<p>Somos parte del grupo DIVISERV BRINDAMOS Soluciones de negocio de alto valor Con un equipo altamente calificado que dise\u00f1ar\u00e1 estrategias personalizadas para alcanzar tus objetivos. Con\u00f3cenos MISI\u00d3N Proporcionar soluciones tecnol\u00f3gicas que permitan a nuestros clientes agilizar sus procesos, mejorar las relaciones y gestionar eficientemente las diversas \u00e1reas de trabajo ayud\u00e1ndolos a tomar decisiones estrat\u00e9gicas basadas [&hellip;]<\/p>","protected":false},"author":2,"featured_media":0,"parent":0,"menu_order":0,"comment_status":"closed","ping_status":"closed","template":"brizy-blank-template.php","meta":{"footnotes":""},"class_list":["post-317","page","type-page","status-publish","hentry"],"blocksy_meta":[],"yoast_head":"<!-- This site is optimized with the Yoast SEO plugin v24.1 - https:\/\/yoast.com\/wordpress\/plugins\/seo\/ -->\n<title>Microtech<\/title>\n<meta name=\"description\" content=\"Ofrecemos soluciones tecnol\u00f3gicas para optimizar procesos, mejorar relaciones y gestionar \u00e1reas de trabajo, facilitando la toma de decisiones estrat\u00e9gicas basadas en datos para nuestros clientes.\" \/>\n<meta name=\"robots\" content=\"index, follow, max-snippet:-1, max-image-preview:large, max-video-preview:-1\" \/>\n<link rel=\"canonical\" href=\"https:\/\/www.microtechpy.com\/en\/inicio\/\" \/>\n<meta property=\"og:locale\" content=\"en_US\" \/>\n<meta property=\"og:type\" content=\"article\" \/>\n<meta property=\"og:title\" content=\"Microtech\" \/>\n<meta property=\"og:description\" content=\"Ofrecemos soluciones tecnol\u00f3gicas para optimizar procesos, mejorar relaciones y gestionar \u00e1reas de trabajo, facilitando la toma de decisiones estrat\u00e9gicas basadas en datos para nuestros clientes.\" \/>\n<meta property=\"og:url\" content=\"https:\/\/www.microtechpy.com\/en\/inicio\/\" \/>\n<meta property=\"og:site_name\" content=\"Microtech\" \/>\n<meta property=\"article:publisher\" content=\"https:\/\/www.facebook.com\/MicrotechPy\/\" \/>\n<meta property=\"article:modified_time\" content=\"2024-12-31T11:23:34+00:00\" \/>\n<meta name=\"twitter:card\" content=\"summary_large_image\" \/>\n<meta name=\"twitter:label1\" content=\"Est. reading time\" \/>\n\t<meta name=\"twitter:data1\" content=\"1 minute\" \/>\n<script type=\"application\/ld+json\" class=\"yoast-schema-graph\">{\"@context\":\"https:\/\/schema.org\",\"@graph\":[{\"@type\":\"WebPage\",\"@id\":\"https:\/\/www.microtechpy.com\/pt\/inicio\/\",\"url\":\"https:\/\/www.microtechpy.com\/pt\/inicio\/\",\"name\":\"Microtech\",\"isPartOf\":{\"@id\":\"https:\/\/www.microtechpy.com\/pt\/#website\"},\"datePublished\":\"2023-12-04T19:47:48+00:00\",\"dateModified\":\"2024-12-31T11:23:34+00:00\",\"description\":\"Ofrecemos soluciones tecnol\u00f3gicas para optimizar procesos, mejorar relaciones y gestionar \u00e1reas de trabajo, facilitando la toma de decisiones estrat\u00e9gicas basadas en datos para nuestros clientes.\",\"breadcrumb\":{\"@id\":\"https:\/\/www.microtechpy.com\/pt\/inicio\/#breadcrumb\"},\"inLanguage\":\"en-US\",\"potentialAction\":[{\"@type\":\"ReadAction\",\"target\":[\"https:\/\/www.microtechpy.com\/pt\/inicio\/\"]}]},{\"@type\":\"BreadcrumbList\",\"@id\":\"https:\/\/www.microtechpy.com\/pt\/inicio\/#breadcrumb\",\"itemListElement\":[{\"@type\":\"ListItem\",\"position\":1,\"name\":\"Portada\",\"item\":\"https:\/\/www.microtechpy.com\/pt\/\"},{\"@type\":\"ListItem\",\"position\":2,\"name\":\"Inicio &#8211; Old\"}]},{\"@type\":\"WebSite\",\"@id\":\"https:\/\/www.microtechpy.com\/pt\/#website\",\"url\":\"https:\/\/www.microtechpy.com\/pt\/\",\"name\":\"Microtech\",\"description\":\"Soluciones de negocio de alto valor\",\"publisher\":{\"@id\":\"https:\/\/www.microtechpy.com\/pt\/#organization\"},\"potentialAction\":[{\"@type\":\"SearchAction\",\"target\":{\"@type\":\"EntryPoint\",\"urlTemplate\":\"https:\/\/www.microtechpy.com\/pt\/?s={search_term_string}\"},\"query-input\":{\"@type\":\"PropertyValueSpecification\",\"valueRequired\":true,\"valueName\":\"search_term_string\"}}],\"inLanguage\":\"en-US\"},{\"@type\":\"Organization\",\"@id\":\"https:\/\/www.microtechpy.com\/pt\/#organization\",\"name\":\"Microtech\",\"url\":\"https:\/\/www.microtechpy.com\/pt\/\",\"logo\":{\"@type\":\"ImageObject\",\"inLanguage\":\"en-US\",\"@id\":\"https:\/\/www.microtechpy.com\/pt\/#\/schema\/logo\/image\/\",\"url\":\"\/wp-content\/uploads\/2024\/05\/Microtech-Logo-Color-Redes.png\",\"contentUrl\":\"\/wp-content\/uploads\/2024\/05\/Microtech-Logo-Color-Redes.png\",\"width\":1200,\"height\":263,\"caption\":\"Microtech\"},\"image\":{\"@id\":\"https:\/\/www.microtechpy.com\/pt\/#\/schema\/logo\/image\/\"},\"sameAs\":[\"https:\/\/www.facebook.com\/MicrotechPy\/\",\"https:\/\/www.linkedin.com\/company\/microtechsa\/\"]}]}<\/script>\n<!-- \/ Yoast SEO plugin. -->","yoast_head_json":{"title":"Microtech","description":"Ofrecemos soluciones tecnol\u00f3gicas para optimizar procesos, mejorar relaciones y gestionar \u00e1reas de trabajo, facilitando la toma de decisiones estrat\u00e9gicas basadas en datos para nuestros clientes.","robots":{"index":"index","follow":"follow","max-snippet":"max-snippet:-1","max-image-preview":"max-image-preview:large","max-video-preview":"max-video-preview:-1"},"canonical":"https:\/\/www.microtechpy.com\/en\/inicio\/","og_locale":"en_US","og_type":"article","og_title":"Microtech","og_description":"Ofrecemos soluciones tecnol\u00f3gicas para optimizar procesos, mejorar relaciones y gestionar \u00e1reas de trabajo, facilitando la toma de decisiones estrat\u00e9gicas basadas en datos para nuestros clientes.","og_url":"https:\/\/www.microtechpy.com\/en\/inicio\/","og_site_name":"Microtech","article_publisher":"https:\/\/www.facebook.com\/MicrotechPy\/","article_modified_time":"2024-12-31T11:23:34+00:00","twitter_card":"summary_large_image","twitter_misc":{"Est. reading time":"1 minute"},"schema":{"@context":"https:\/\/schema.org","@graph":[{"@type":"WebPage","@id":"https:\/\/www.microtechpy.com\/pt\/inicio\/","url":"https:\/\/www.microtechpy.com\/pt\/inicio\/","name":"Microtech","isPartOf":{"@id":"https:\/\/www.microtechpy.com\/pt\/#website"},"datePublished":"2023-12-04T19:47:48+00:00","dateModified":"2024-12-31T11:23:34+00:00","description":"Ofrecemos soluciones tecnol\u00f3gicas para optimizar procesos, mejorar relaciones y gestionar \u00e1reas de trabajo, facilitando la toma de decisiones estrat\u00e9gicas basadas en datos para nuestros clientes.","breadcrumb":{"@id":"https:\/\/www.microtechpy.com\/pt\/inicio\/#breadcrumb"},"inLanguage":"en-US","potentialAction":[{"@type":"ReadAction","target":["https:\/\/www.microtechpy.com\/pt\/inicio\/"]}]},{"@type":"BreadcrumbList","@id":"https:\/\/www.microtechpy.com\/pt\/inicio\/#breadcrumb","itemListElement":[{"@type":"ListItem","position":1,"name":"Portada","item":"https:\/\/www.microtechpy.com\/pt\/"},{"@type":"ListItem","position":2,"name":"Inicio &#8211; Old"}]},{"@type":"WebSite","@id":"https:\/\/www.microtechpy.com\/pt\/#website","url":"https:\/\/www.microtechpy.com\/pt\/","name":"Microtech","description":"Soluciones de negocio de alto valor","publisher":{"@id":"https:\/\/www.microtechpy.com\/pt\/#organization"},"potentialAction":[{"@type":"SearchAction","target":{"@type":"EntryPoint","urlTemplate":"https:\/\/www.microtechpy.com\/pt\/?s={search_term_string}"},"query-input":{"@type":"PropertyValueSpecification","valueRequired":true,"valueName":"search_term_string"}}],"inLanguage":"en-US"},{"@type":"Organization","@id":"https:\/\/www.microtechpy.com\/pt\/#organization","name":"Microtech","url":"https:\/\/www.microtechpy.com\/pt\/","logo":{"@type":"ImageObject","inLanguage":"en-US","@id":"https:\/\/www.microtechpy.com\/pt\/#\/schema\/logo\/image\/","url":"\/wp-content\/uploads\/2024\/05\/Microtech-Logo-Color-Redes.png","contentUrl":"\/wp-content\/uploads\/2024\/05\/Microtech-Logo-Color-Redes.png","width":1200,"height":263,"caption":"Microtech"},"image":{"@id":"https:\/\/www.microtechpy.com\/pt\/#\/schema\/logo\/image\/"},"sameAs":["https:\/\/www.facebook.com\/MicrotechPy\/","https:\/\/www.linkedin.com\/company\/microtechsa\/"]}]}},"_links":{"self":[{"href":"https:\/\/www.microtechpy.com\/en\/wp-json\/wp\/v2\/pages\/317"}],"collection":[{"href":"https:\/\/www.microtechpy.com\/en\/wp-json\/wp\/v2\/pages"}],"about":[{"href":"https:\/\/www.microtechpy.com\/en\/wp-json\/wp\/v2\/types\/page"}],"author":[{"embeddable":true,"href":"https:\/\/www.microtechpy.com\/en\/wp-json\/wp\/v2\/users\/2"}],"replies":[{"embeddable":true,"href":"https:\/\/www.microtechpy.com\/en\/wp-json\/wp\/v2\/comments?post=317"}],"version-history":[{"count":29,"href":"https:\/\/www.microtechpy.com\/en\/wp-json\/wp\/v2\/pages\/317\/revisions"}],"predecessor-version":[{"id":3800,"href":"https:\/\/www.microtechpy.com\/en\/wp-json\/wp\/v2\/pages\/317\/revisions\/3800"}],"wp:attachment":[{"href":"https:\/\/www.microtechpy.com\/en\/wp-json\/wp\/v2\/media?parent=317"}],"curies":[{"name":"wp","href":"https:\/\/api.w.org\/{rel}","templated":true}]}}