{"id":3844,"date":"2024-11-18T15:20:38","date_gmt":"2024-11-18T18:20:38","guid":{"rendered":"https:\/\/www.microtechpy.com\/?page_id=3844"},"modified":"2024-12-31T08:19:26","modified_gmt":"2024-12-31T11:19:26","slug":"blog","status":"publish","type":"page","link":"https:\/\/www.microtechpy.com\/en\/blog\/","title":{"rendered":"Blog"},"content":{"rendered":"<div class=\"brz-root__container brz-reset-all brz\">\n<section id=\"_trqxRhdDI3tm\" class=\"brz-section brz-css-ace1O\">\n<div class=\"brz-section__content brz-section--boxed brz-css-w2xox brz-css-wwz8L\" data-brz-custom-id=\"xxXbp9N5dt0N\">\n<div class=\"brz-container brz-css-pKoqY\">\n<div id=\"\" class=\"brz-css-xVfxQ brz-css-fK119 brz-wrapper\">\n<div class=\"brz-rich-text brz-rich-text__custom brz-css-nO9Uc\" data-brz-custom-id=\"pguzeHPFt_gk\">\n<div data-brz-translate-text=\"1\">\n<p class=\"brz-text-sm-center brz-tp-lg-heading4 brz-mt-lg-0 brz-text-lg-center brz-css-zJc6j\" data-uniq-id=\"xEa1R\" data-generated-css=\"brz-css-vCRor\"><span class=\"brz-cp-color2\">SECCI\u00d3N DE BLOGS<\/span><\/p>\n<\/div>\n<\/div>\n<\/div>\n<\/div>\n<\/div>\n<\/section>\n<section id=\"_qXsuwuejrqEx\" class=\"brz-section brz-css-ace1O\">\n<div class=\"brz-section__content brz-section--boxed brz-css-w2xox\" data-brz-custom-id=\"tb6Mp8BVHfGf\">\n<div class=\"brz-container brz-css-pKoqY\">\n<div id=\"\" class=\"brz-css-xVfxQ brz-css-vGq6Q brz-wrapper\">\n<div class=\"brz-posts brz-css-vJew9\" data-brz-custom-id=\"x4P7qoMtnMoK\">\n<div class=\"brz-posts__wrapper\">\n<div class=\"brz-posts__item\">\n<div class=\"brz-columns brz-css-aOr1O brz-css-clsjT\" data-brz-custom-id=\"xP3VV20FNNio\">\n<div class=\"brz-bg\"><\/div>\n<div class=\"brz-column__items brz-css-xRLM8\">\n<div id=\"\" class=\"brz-css-xVfxQ brz-wrapper\">\n<div class=\"brz-image brz-css-fPkgk\" data-brz-custom-id=\"oLPUtw3NR41l\"><img decoding=\"async\" class=\"brz-img\" src=\"\" alt=\"'}}\" loading=\"lazy\"><\/div>\n<\/div>\n<div id=\"\" class=\"brz-css-xVfxQ brz-wrapper\">\n<div class=\"brz-wp-title brz-css-tUyB6 brz-css-yj0EU\" data-brz-custom-id=\"iDrBJvfy1Obf\"><span class=\"brz-wp-title-content\" style=\"min-height:20px\"><\/span><\/div>\n<\/div>\n<div id=\"\" class=\"brz-css-xVfxQ brz-css-y1NvK brz-wrapper\">\n<div class=\"brz-wp-post-excerpt brz-css-aJAbL brz-css-uUrPc\" data-brz-custom-id=\"qwKfblsw3JF8\"><span class=\"brz-wp-post-excerpt-content\" style=\"min-height:20px\"><\/span><\/div>\n<\/div>\n<div class=\"brz-wrapper-clone brz-css-b1red\">\n<div class=\"brz-d-xs-flex brz-flex-xs-wrap brz-css-vcdoX\" data-brz-custom-id=\"\">\n<div class=\"brz-wrapper-clone__item\" id=\"bskYIVipkQTV\"><a class=\"brz-a brz-btn brz-css-hiwcD brz-css-yoqhf brz-css-o4JKV\" href=\"\" target=\"_self\" rel=\"noopener\" data-brz-link-type=\"external\" data-brz-custom-id=\"bskYIVipkQTV\"><span data-brz-translate-text=\"1\" class=\"brz-span brz-text__editor\">LEER M\u00c1S<\/span><\/a><\/div>\n<\/div>\n<\/div>\n<\/div>\n<\/div>\n<\/div>\n<\/div>\n<\/div>\n<\/div>\n<\/div>\n<\/div>\n<\/section>\n<\/div>\n<p>    <!-- version:1735643966 --><\/p>","protected":false},"excerpt":{"rendered":"<p>SECCI\u00d3N DE BLOGS LEER M\u00c1S<\/p>","protected":false},"author":3,"featured_media":0,"parent":0,"menu_order":0,"comment_status":"closed","ping_status":"closed","template":"brizy-blank-template.php","meta":{"footnotes":""},"class_list":["post-3844","page","type-page","status-publish","hentry"],"blocksy_meta":[],"yoast_head":"<!-- This site is optimized with the Yoast SEO plugin v24.1 - https:\/\/yoast.com\/wordpress\/plugins\/seo\/ -->\n<title>Microtech<\/title>\n<meta name=\"description\" content=\"Ofrecemos soluciones tecnol\u00f3gicas para optimizar procesos, mejorar relaciones y gestionar \u00e1reas de trabajo, facilitando la toma de decisiones estrat\u00e9gicas basadas en datos para nuestros clientes.\" \/>\n<meta name=\"robots\" content=\"index, follow, max-snippet:-1, max-image-preview:large, max-video-preview:-1\" \/>\n<link rel=\"canonical\" href=\"https:\/\/www.microtechpy.com\/en\/blog\/\" \/>\n<meta property=\"og:locale\" content=\"en_US\" \/>\n<meta property=\"og:type\" content=\"article\" \/>\n<meta property=\"og:title\" content=\"Microtech\" \/>\n<meta property=\"og:description\" content=\"Ofrecemos soluciones tecnol\u00f3gicas para optimizar procesos, mejorar relaciones y gestionar \u00e1reas de trabajo, facilitando la toma de decisiones estrat\u00e9gicas basadas en datos para nuestros clientes.\" \/>\n<meta property=\"og:url\" content=\"https:\/\/www.microtechpy.com\/en\/blog\/\" \/>\n<meta property=\"og:site_name\" content=\"Microtech\" \/>\n<meta property=\"article:publisher\" content=\"https:\/\/www.facebook.com\/MicrotechPy\/\" \/>\n<meta property=\"article:modified_time\" content=\"2024-12-31T11:19:26+00:00\" \/>\n<meta name=\"twitter:card\" content=\"summary_large_image\" \/>\n<meta name=\"twitter:label1\" content=\"Est. reading time\" \/>\n\t<meta name=\"twitter:data1\" content=\"1 minute\" \/>\n<script type=\"application\/ld+json\" class=\"yoast-schema-graph\">{\"@context\":\"https:\/\/schema.org\",\"@graph\":[{\"@type\":\"WebPage\",\"@id\":\"https:\/\/www.microtechpy.com\/pt\/blog\/\",\"url\":\"https:\/\/www.microtechpy.com\/pt\/blog\/\",\"name\":\"Microtech\",\"isPartOf\":{\"@id\":\"https:\/\/www.microtechpy.com\/pt\/#website\"},\"datePublished\":\"2024-11-18T18:20:38+00:00\",\"dateModified\":\"2024-12-31T11:19:26+00:00\",\"description\":\"Ofrecemos soluciones tecnol\u00f3gicas para optimizar procesos, mejorar relaciones y gestionar \u00e1reas de trabajo, facilitando la toma de decisiones estrat\u00e9gicas basadas en datos para nuestros clientes.\",\"breadcrumb\":{\"@id\":\"https:\/\/www.microtechpy.com\/pt\/blog\/#breadcrumb\"},\"inLanguage\":\"en-US\",\"potentialAction\":[{\"@type\":\"ReadAction\",\"target\":[\"https:\/\/www.microtechpy.com\/pt\/blog\/\"]}]},{\"@type\":\"BreadcrumbList\",\"@id\":\"https:\/\/www.microtechpy.com\/pt\/blog\/#breadcrumb\",\"itemListElement\":[{\"@type\":\"ListItem\",\"position\":1,\"name\":\"Portada\",\"item\":\"https:\/\/www.microtechpy.com\/pt\/\"},{\"@type\":\"ListItem\",\"position\":2,\"name\":\"Blog\"}]},{\"@type\":\"WebSite\",\"@id\":\"https:\/\/www.microtechpy.com\/pt\/#website\",\"url\":\"https:\/\/www.microtechpy.com\/pt\/\",\"name\":\"Microtech\",\"description\":\"Soluciones de negocio de alto valor\",\"publisher\":{\"@id\":\"https:\/\/www.microtechpy.com\/pt\/#organization\"},\"potentialAction\":[{\"@type\":\"SearchAction\",\"target\":{\"@type\":\"EntryPoint\",\"urlTemplate\":\"https:\/\/www.microtechpy.com\/pt\/?s={search_term_string}\"},\"query-input\":{\"@type\":\"PropertyValueSpecification\",\"valueRequired\":true,\"valueName\":\"search_term_string\"}}],\"inLanguage\":\"en-US\"},{\"@type\":\"Organization\",\"@id\":\"https:\/\/www.microtechpy.com\/pt\/#organization\",\"name\":\"Microtech\",\"url\":\"https:\/\/www.microtechpy.com\/pt\/\",\"logo\":{\"@type\":\"ImageObject\",\"inLanguage\":\"en-US\",\"@id\":\"https:\/\/www.microtechpy.com\/pt\/#\/schema\/logo\/image\/\",\"url\":\"\/wp-content\/uploads\/2024\/05\/Microtech-Logo-Color-Redes.png\",\"contentUrl\":\"\/wp-content\/uploads\/2024\/05\/Microtech-Logo-Color-Redes.png\",\"width\":1200,\"height\":263,\"caption\":\"Microtech\"},\"image\":{\"@id\":\"https:\/\/www.microtechpy.com\/pt\/#\/schema\/logo\/image\/\"},\"sameAs\":[\"https:\/\/www.facebook.com\/MicrotechPy\/\",\"https:\/\/www.linkedin.com\/company\/microtechsa\/\"]}]}<\/script>\n<!-- \/ Yoast SEO plugin. -->","yoast_head_json":{"title":"Microtech","description":"Ofrecemos soluciones tecnol\u00f3gicas para optimizar procesos, mejorar relaciones y gestionar \u00e1reas de trabajo, facilitando la toma de decisiones estrat\u00e9gicas basadas en datos para nuestros clientes.","robots":{"index":"index","follow":"follow","max-snippet":"max-snippet:-1","max-image-preview":"max-image-preview:large","max-video-preview":"max-video-preview:-1"},"canonical":"https:\/\/www.microtechpy.com\/en\/blog\/","og_locale":"en_US","og_type":"article","og_title":"Microtech","og_description":"Ofrecemos soluciones tecnol\u00f3gicas para optimizar procesos, mejorar relaciones y gestionar \u00e1reas de trabajo, facilitando la toma de decisiones estrat\u00e9gicas basadas en datos para nuestros clientes.","og_url":"https:\/\/www.microtechpy.com\/en\/blog\/","og_site_name":"Microtech","article_publisher":"https:\/\/www.facebook.com\/MicrotechPy\/","article_modified_time":"2024-12-31T11:19:26+00:00","twitter_card":"summary_large_image","twitter_misc":{"Est. reading time":"1 minute"},"schema":{"@context":"https:\/\/schema.org","@graph":[{"@type":"WebPage","@id":"https:\/\/www.microtechpy.com\/pt\/blog\/","url":"https:\/\/www.microtechpy.com\/pt\/blog\/","name":"Microtech","isPartOf":{"@id":"https:\/\/www.microtechpy.com\/pt\/#website"},"datePublished":"2024-11-18T18:20:38+00:00","dateModified":"2024-12-31T11:19:26+00:00","description":"Ofrecemos soluciones tecnol\u00f3gicas para optimizar procesos, mejorar relaciones y gestionar \u00e1reas de trabajo, facilitando la toma de decisiones estrat\u00e9gicas basadas en datos para nuestros clientes.","breadcrumb":{"@id":"https:\/\/www.microtechpy.com\/pt\/blog\/#breadcrumb"},"inLanguage":"en-US","potentialAction":[{"@type":"ReadAction","target":["https:\/\/www.microtechpy.com\/pt\/blog\/"]}]},{"@type":"BreadcrumbList","@id":"https:\/\/www.microtechpy.com\/pt\/blog\/#breadcrumb","itemListElement":[{"@type":"ListItem","position":1,"name":"Portada","item":"https:\/\/www.microtechpy.com\/pt\/"},{"@type":"ListItem","position":2,"name":"Blog"}]},{"@type":"WebSite","@id":"https:\/\/www.microtechpy.com\/pt\/#website","url":"https:\/\/www.microtechpy.com\/pt\/","name":"Microtech","description":"Soluciones de negocio de alto valor","publisher":{"@id":"https:\/\/www.microtechpy.com\/pt\/#organization"},"potentialAction":[{"@type":"SearchAction","target":{"@type":"EntryPoint","urlTemplate":"https:\/\/www.microtechpy.com\/pt\/?s={search_term_string}"},"query-input":{"@type":"PropertyValueSpecification","valueRequired":true,"valueName":"search_term_string"}}],"inLanguage":"en-US"},{"@type":"Organization","@id":"https:\/\/www.microtechpy.com\/pt\/#organization","name":"Microtech","url":"https:\/\/www.microtechpy.com\/pt\/","logo":{"@type":"ImageObject","inLanguage":"en-US","@id":"https:\/\/www.microtechpy.com\/pt\/#\/schema\/logo\/image\/","url":"\/wp-content\/uploads\/2024\/05\/Microtech-Logo-Color-Redes.png","contentUrl":"\/wp-content\/uploads\/2024\/05\/Microtech-Logo-Color-Redes.png","width":1200,"height":263,"caption":"Microtech"},"image":{"@id":"https:\/\/www.microtechpy.com\/pt\/#\/schema\/logo\/image\/"},"sameAs":["https:\/\/www.facebook.com\/MicrotechPy\/","https:\/\/www.linkedin.com\/company\/microtechsa\/"]}]}},"_links":{"self":[{"href":"https:\/\/www.microtechpy.com\/en\/wp-json\/wp\/v2\/pages\/3844"}],"collection":[{"href":"https:\/\/www.microtechpy.com\/en\/wp-json\/wp\/v2\/pages"}],"about":[{"href":"https:\/\/www.microtechpy.com\/en\/wp-json\/wp\/v2\/types\/page"}],"author":[{"embeddable":true,"href":"https:\/\/www.microtechpy.com\/en\/wp-json\/wp\/v2\/users\/3"}],"replies":[{"embeddable":true,"href":"https:\/\/www.microtechpy.com\/en\/wp-json\/wp\/v2\/comments?post=3844"}],"version-history":[{"count":8,"href":"https:\/\/www.microtechpy.com\/en\/wp-json\/wp\/v2\/pages\/3844\/revisions"}],"predecessor-version":[{"id":3865,"href":"https:\/\/www.microtechpy.com\/en\/wp-json\/wp\/v2\/pages\/3844\/revisions\/3865"}],"wp:attachment":[{"href":"https:\/\/www.microtechpy.com\/en\/wp-json\/wp\/v2\/media?parent=3844"}],"curies":[{"name":"wp","href":"https:\/\/api.w.org\/{rel}","templated":true}]}}