{"id":770,"date":"2023-12-11T12:45:56","date_gmt":"2023-12-11T15:45:56","guid":{"rendered":"https:\/\/wwwmicrotech.azurewebsites.net\/?page_id=770"},"modified":"2024-12-31T05:54:05","modified_gmt":"2024-12-31T08:54:05","slug":"contacto","status":"publish","type":"page","link":"https:\/\/www.microtechpy.com\/pt\/contacto\/","title":{"rendered":"Contato"},"content":{"rendered":"<div class=\"brz-root__container brz-reset-all brz\">\n<section id=\"_wFTSvdXXcFbC\" class=\"brz-section brz-css-wZbof\">\n<div class=\"brz-section__content brz-section--boxed brz-css-dta2U brz-css-pLwoW\" data-brz-custom-id=\"w4KFshA6quOp\">\n<div class=\"brz-bg\">\n<div class=\"brz-bg-image\"><\/div>\n<div class=\"brz-bg-color\"><\/div>\n<\/div>\n<div class=\"brz-container brz-css-dCd60\">\n<div id=\"\" class=\"brz-css-rss8y brz-css-xzKZd brz-wrapper\">\n<div class=\"brz-rich-text brz-rich-text__custom brz-css-r5BN8\" data-brz-custom-id=\"z8ORSY_QJoop\">\n<div data-brz-translate-text=\"1\">\n<p class=\"brz-lh-xs-1_4 brz-text-lg-center brz-lh-lg-1_6 brz-lh-sm-1_6 brz-ls-lg-0 brz-ls-sm-0 brz-ls-xs-0 brz-ff-syne brz-ft-google brz-fw-lg-500 brz-fw-sm-500 brz-fw-xs-500 brz-fs-lg-42 brz-fs-sm-42 brz-fs-xs-42 brz-css-iTXnS\" data-uniq-id=\"msynd\" data-generated-css=\"brz-css-zEbB5\"><span class=\"brz-cp-color8\">CONTATO<\/span><\/p>\n<\/div>\n<\/div>\n<\/div>\n<\/div>\n<\/div>\n<\/section>\n<section id=\"_vTVJzCR0YA1Q\" class=\"brz-section brz-css-wZbof\">\n<div class=\"brz-section__content brz-section--boxed brz-css-dta2U brz-css-dcZ8q\" data-brz-custom-id=\"lh9BXbobJXic\">\n<div class=\"brz-container brz-css-dCd60\">\n<div id=\"\" class=\"brz-css-rss8y brz-css-h6Jzc brz-wrapper\">\n<div class=\"brz-rich-text brz-rich-text__custom brz-css-r5BN8\" data-brz-custom-id=\"xcR8Rp9ozMEw\">\n<div data-brz-translate-text=\"1\">\n<p class=\"brz-tp-lg-heading2 brz-text-lg-center brz-css-rFlpW\" data-uniq-id=\"w00mQ\" data-generated-css=\"brz-css-uzxkP\"><span class=\"brz-cp-color2\">Nossos consultores est\u00e3o dispon\u00edveis para aconselh\u00e1-lo e iniciar a transforma\u00e7\u00e3o e o sucesso de sua organiza\u00e7\u00e3o.<\/span><\/p>\n<\/div>\n<\/div>\n<\/div>\n<div id=\"\" class=\"brz-css-rss8y brz-css-tmuGs brz-wrapper\">\n<div class=\"brz-spacer brz-css-xRnUk brz-css-cEHEt\"><\/div>\n<\/div>\n<div id=\"\" class=\"brz-css-rss8y brz-css-tmuGs brz-wrapper\">\n<div class=\"brz-spacer brz-css-xRnUk brz-css-yCtCv\"><\/div>\n<\/div>\n<div class=\"brz-row__container brz-css-eh6q8 brz-css-pR1Pn\" data-brz-custom-id=\"mUVIZDvT2hy_\">\n<div class=\"brz-bg\"><\/div>\n<div class=\"brz-row brz-css-ywNJ7 brz-css-pduPa\">\n<div class=\"brz-columns brz-css-bPZRS brz-css-vsOV1\" data-brz-custom-id=\"mldp00snxJls\">\n<div class=\"brz-bg\"><\/div>\n<div class=\"brz-column__items brz-css-kaub_ brz-css-pp84H\">\n<div id=\"\" class=\"brz-css-rss8y brz-css-tmuGs brz-css-tg2Go brz-wrapper\">\n<div class=\"brz-spacer brz-css-xRnUk brz-css-wNXDy\"><\/div>\n<\/div>\n<div id=\"\" class=\"brz-css-rss8y brz-css-eF3o0 brz-wrapper\">\n<div class=\"brz-rich-text brz-rich-text__custom brz-css-r5BN8\" data-brz-custom-id=\"n6GwN8yX61vU\">\n<div data-brz-translate-text=\"1\">\n<h4 class=\"brz-fs-xs-24 brz-fs-sm-26 brz-fs-lg-28 brz-fw-xs-500 brz-fw-sm-500 brz-fw-lg-500 brz-ft-google brz-ff-syne brz-ls-xs-0 brz-ls-sm-0 brz-ls-lg-0 brz-lh-xs-1_3 brz-lh-sm-1_4 brz-lh-lg-1_3 brz-text-lg-left brz-mt-lg-0 brz-tp-lg-heading4 brz-css-oTvTt\" data-generated-css=\"brz-css-rMY9D\" data-uniq-id=\"lccCk\">Queremos conhec\u00ea-lo. Deixe-nos seus dados ou coment\u00e1rios e entraremos em contato.<\/h4>\n<\/div>\n<\/div>\n<\/div>\n<div id=\"\" class=\"brz-css-rss8y brz-css-tmuGs brz-wrapper\">\n<div class=\"brz-spacer brz-css-xRnUk brz-css-h9w41\"><\/div>\n<\/div>\n<div id=\"\" class=\"brz-css-rss8y brz-css-wovB2 brz-wrapper\">\n<div data-brz-form-version=\"2\" class=\"brz-forms2 brz-css-tvLZz brz-css-m6Z4Z\" data-brz-custom-id=\"shmEW33qOKnC\">\n<div data-brz-translate-text=\"1\" class=\"brz-forms2__item brz-css-pHR9o brz-css-yJZdJ brz-css-wl0BY brz-css-uSIrt\"><\/div>\n<div data-brz-translate-text=\"1\" class=\"brz-forms2__item brz-css-pHR9o brz-css-yJZdJ brz-css-wl0BY brz-css-ojT8N\"><\/div>\n<div data-brz-translate-text=\"1\" class=\"brz-forms2__item brz-css-pHR9o brz-css-yJZdJ brz-css-wl0BY\"><\/div>\n<div data-brz-translate-text=\"1\" class=\"brz-forms2__item brz-css-pHR9o brz-css-yJZdJ brz-css-wl0BY brz-css-fdkVT\"><\/div>\n<div data-brz-translate-text=\"1\" class=\"brz-forms2__item brz-css-pHR9o brz-css-yJZdJ brz-css-wl0BY brz-css-f_0eS\"><\/div>\n<div data-brz-translate-text=\"1\" class=\"brz-forms2__item brz-css-pHR9o brz-css-yJZdJ brz-css-wl0BY brz-css-pJSCD\"><textarea id=\"uLkPFObEKHSC_\" name=\"vGc33JJ1yo7X\" data-brz-type=\"Paragraph\" data-brz-label=\"Mensaje\" data-brz-placeholder=\"Mensaje\" class=\"brz-textarea brz-forms2__field brz-forms2__field-paragraph\"><\/textarea><\/div>\n<div class=\"brz-forms2 brz-forms2__item brz-forms2__item-button\" data-brz-custom-id=\"shmEW33qOKnC\"><button class=\"brz-btn brz-btn-submit brz-css-iIlco brz-css-ypgz6\" data-brz-custom-id=\"xWAhVKIr6jbY\"><span data-brz-translate-text=\"1\" class=\"brz-span brz-text__editor\">Enviar<\/span><\/button><\/div>\n<div class=\"brz-g-recaptcha\" data-sitekey=\"\" data-size=\"invisible\" data-callback=\"brzFormV2Captcha\"><\/div>\n<\/div>\n<\/div>\n<div id=\"\" class=\"brz-css-rss8y brz-css-tmuGs brz-wrapper\">\n<div class=\"brz-spacer brz-css-xRnUk brz-css-gWSEc\"><\/div>\n<\/div>\n<\/div>\n<\/div>\n<div class=\"brz-columns brz-css-bPZRS brz-css-iWNSI\" data-brz-custom-id=\"g1eA0dRF_aHN\">\n<div class=\"brz-bg\">\n<div class=\"brz-bg-color\"><\/div>\n<\/div>\n<div class=\"brz-column__items brz-css-kaub_ brz-css-t2CoE\">\n<div id=\"\" class=\"brz-css-rss8y brz-css-gtrLr brz-wrapper\">\n<div class=\"brz-image brz-css-uFAt9 brz-css-n5BZj\" data-brz-custom-id=\"yOZPiyIymn8c\"><img decoding=\"async\" class=\"brz-img\" src=\"\/wp-content\/uploads\/brizy\/imgs\/colleagues-working-together-call-center-office-with-coffee-scaled-424x638x0x67x424x554x1714059012.jpg\" alt=\"\" loading=\"lazy\"><\/div>\n<\/div>\n<\/div>\n<\/div>\n<\/div>\n<\/div>\n<\/div>\n<\/div>\n<\/section>\n<\/div>\n<p>    <!-- version:1735635244 --><\/p>","protected":false},"excerpt":{"rendered":"<p>CONT\u00c1CTANOS Nuestros consultores se encuentran disponibles para asesorarte y comenzar la transformaci\u00f3n y \u00e9xito de tu organizaci\u00f3n Queremos conocerte. D\u00e9janos tus datos o comentarios y te contactamos. Enviar<\/p>","protected":false},"author":2,"featured_media":0,"parent":0,"menu_order":0,"comment_status":"closed","ping_status":"closed","template":"brizy-blank-template.php","meta":{"footnotes":""},"class_list":["post-770","page","type-page","status-publish","hentry"],"blocksy_meta":[],"yoast_head":"<!-- This site is optimized with the Yoast SEO plugin v24.1 - https:\/\/yoast.com\/wordpress\/plugins\/seo\/ -->\n<title>Contacto - Microtech<\/title>\n<meta name=\"description\" content=\"Nuestros consultores se encuentran disponibles para asesorarte y comenzar la transformaci\u00f3n y \u00e9xito de tu organizaci\u00f3n\" \/>\n<meta name=\"robots\" content=\"index, follow, max-snippet:-1, max-image-preview:large, max-video-preview:-1\" \/>\n<link rel=\"canonical\" href=\"https:\/\/www.microtechpy.com\/pt\/contacto\/\" \/>\n<meta property=\"og:locale\" content=\"pt_BR\" \/>\n<meta property=\"og:type\" content=\"article\" \/>\n<meta property=\"og:title\" content=\"Contacto - Microtech\" \/>\n<meta property=\"og:description\" content=\"Nuestros consultores se encuentran disponibles para asesorarte y comenzar la transformaci\u00f3n y \u00e9xito de tu organizaci\u00f3n\" \/>\n<meta property=\"og:url\" content=\"https:\/\/www.microtechpy.com\/pt\/contacto\/\" \/>\n<meta property=\"og:site_name\" content=\"Microtech\" \/>\n<meta property=\"article:publisher\" content=\"https:\/\/www.facebook.com\/MicrotechPy\/\" \/>\n<meta property=\"article:modified_time\" content=\"2024-12-31T08:54:05+00:00\" \/>\n<meta name=\"twitter:card\" content=\"summary_large_image\" \/>\n<meta name=\"twitter:label1\" content=\"Est. tempo de leitura\" \/>\n\t<meta name=\"twitter:data1\" content=\"1 minuto\" \/>\n<script type=\"application\/ld+json\" class=\"yoast-schema-graph\">{\"@context\":\"https:\/\/schema.org\",\"@graph\":[{\"@type\":\"WebPage\",\"@id\":\"https:\/\/www.microtechpy.com\/pt\/contacto\/\",\"url\":\"https:\/\/www.microtechpy.com\/pt\/contacto\/\",\"name\":\"Contacto - Microtech\",\"isPartOf\":{\"@id\":\"https:\/\/www.microtechpy.com\/pt\/#website\"},\"datePublished\":\"2023-12-11T15:45:56+00:00\",\"dateModified\":\"2024-12-31T08:54:05+00:00\",\"description\":\"Nuestros consultores se encuentran disponibles para asesorarte y comenzar la transformaci\u00f3n y \u00e9xito de tu organizaci\u00f3n\",\"breadcrumb\":{\"@id\":\"https:\/\/www.microtechpy.com\/pt\/contacto\/#breadcrumb\"},\"inLanguage\":\"pt-BR\",\"potentialAction\":[{\"@type\":\"ReadAction\",\"target\":[\"https:\/\/www.microtechpy.com\/pt\/contacto\/\"]}]},{\"@type\":\"BreadcrumbList\",\"@id\":\"https:\/\/www.microtechpy.com\/pt\/contacto\/#breadcrumb\",\"itemListElement\":[{\"@type\":\"ListItem\",\"position\":1,\"name\":\"Portada\",\"item\":\"https:\/\/www.microtechpy.com\/pt\/\"},{\"@type\":\"ListItem\",\"position\":2,\"name\":\"Contacto\"}]},{\"@type\":\"WebSite\",\"@id\":\"https:\/\/www.microtechpy.com\/pt\/#website\",\"url\":\"https:\/\/www.microtechpy.com\/pt\/\",\"name\":\"Microtech\",\"description\":\"Soluciones de negocio de alto valor\",\"publisher\":{\"@id\":\"https:\/\/www.microtechpy.com\/pt\/#organization\"},\"potentialAction\":[{\"@type\":\"SearchAction\",\"target\":{\"@type\":\"EntryPoint\",\"urlTemplate\":\"https:\/\/www.microtechpy.com\/pt\/?s={search_term_string}\"},\"query-input\":{\"@type\":\"PropertyValueSpecification\",\"valueRequired\":true,\"valueName\":\"search_term_string\"}}],\"inLanguage\":\"pt-BR\"},{\"@type\":\"Organization\",\"@id\":\"https:\/\/www.microtechpy.com\/pt\/#organization\",\"name\":\"Microtech\",\"url\":\"https:\/\/www.microtechpy.com\/pt\/\",\"logo\":{\"@type\":\"ImageObject\",\"inLanguage\":\"pt-BR\",\"@id\":\"https:\/\/www.microtechpy.com\/pt\/#\/schema\/logo\/image\/\",\"url\":\"\/wp-content\/uploads\/2024\/05\/Microtech-Logo-Color-Redes.png\",\"contentUrl\":\"\/wp-content\/uploads\/2024\/05\/Microtech-Logo-Color-Redes.png\",\"width\":1200,\"height\":263,\"caption\":\"Microtech\"},\"image\":{\"@id\":\"https:\/\/www.microtechpy.com\/pt\/#\/schema\/logo\/image\/\"},\"sameAs\":[\"https:\/\/www.facebook.com\/MicrotechPy\/\",\"https:\/\/www.linkedin.com\/company\/microtechsa\/\"]}]}<\/script>\n<!-- \/ Yoast SEO plugin. -->","yoast_head_json":{"title":"Contacto - Microtech","description":"Nossos consultores est\u00e3o dispon\u00edveis para aconselh\u00e1-lo e iniciar a transforma\u00e7\u00e3o e o sucesso de sua organiza\u00e7\u00e3o.","robots":{"index":"index","follow":"follow","max-snippet":"max-snippet:-1","max-image-preview":"max-image-preview:large","max-video-preview":"max-video-preview:-1"},"canonical":"https:\/\/www.microtechpy.com\/pt\/contacto\/","og_locale":"pt_BR","og_type":"article","og_title":"Contacto - Microtech","og_description":"Nuestros consultores se encuentran disponibles para asesorarte y comenzar la transformaci\u00f3n y \u00e9xito de tu organizaci\u00f3n","og_url":"https:\/\/www.microtechpy.com\/pt\/contacto\/","og_site_name":"Microtech","article_publisher":"https:\/\/www.facebook.com\/MicrotechPy\/","article_modified_time":"2024-12-31T08:54:05+00:00","twitter_card":"summary_large_image","twitter_misc":{"Est. tempo de leitura":"1 minuto"},"schema":{"@context":"https:\/\/schema.org","@graph":[{"@type":"WebPage","@id":"https:\/\/www.microtechpy.com\/pt\/contacto\/","url":"https:\/\/www.microtechpy.com\/pt\/contacto\/","name":"Contacto - Microtech","isPartOf":{"@id":"https:\/\/www.microtechpy.com\/pt\/#website"},"datePublished":"2023-12-11T15:45:56+00:00","dateModified":"2024-12-31T08:54:05+00:00","description":"Nossos consultores est\u00e3o dispon\u00edveis para aconselh\u00e1-lo e iniciar a transforma\u00e7\u00e3o e o sucesso de sua organiza\u00e7\u00e3o.","breadcrumb":{"@id":"https:\/\/www.microtechpy.com\/pt\/contacto\/#breadcrumb"},"inLanguage":"pt-BR","potentialAction":[{"@type":"ReadAction","target":["https:\/\/www.microtechpy.com\/pt\/contacto\/"]}]},{"@type":"BreadcrumbList","@id":"https:\/\/www.microtechpy.com\/pt\/contacto\/#breadcrumb","itemListElement":[{"@type":"ListItem","position":1,"name":"Portada","item":"https:\/\/www.microtechpy.com\/pt\/"},{"@type":"ListItem","position":2,"name":"Contacto"}]},{"@type":"WebSite","@id":"https:\/\/www.microtechpy.com\/pt\/#website","url":"https:\/\/www.microtechpy.com\/pt\/","name":"Microtech","description":"Soluciones de negocio de alto valor","publisher":{"@id":"https:\/\/www.microtechpy.com\/pt\/#organization"},"potentialAction":[{"@type":"SearchAction","target":{"@type":"EntryPoint","urlTemplate":"https:\/\/www.microtechpy.com\/pt\/?s={search_term_string}"},"query-input":{"@type":"PropertyValueSpecification","valueRequired":true,"valueName":"search_term_string"}}],"inLanguage":"pt-BR"},{"@type":"Organization","@id":"https:\/\/www.microtechpy.com\/pt\/#organization","name":"Microtech","url":"https:\/\/www.microtechpy.com\/pt\/","logo":{"@type":"ImageObject","inLanguage":"pt-BR","@id":"https:\/\/www.microtechpy.com\/pt\/#\/schema\/logo\/image\/","url":"\/wp-content\/uploads\/2024\/05\/Microtech-Logo-Color-Redes.png","contentUrl":"\/wp-content\/uploads\/2024\/05\/Microtech-Logo-Color-Redes.png","width":1200,"height":263,"caption":"Microtech"},"image":{"@id":"https:\/\/www.microtechpy.com\/pt\/#\/schema\/logo\/image\/"},"sameAs":["https:\/\/www.facebook.com\/MicrotechPy\/","https:\/\/www.linkedin.com\/company\/microtechsa\/"]}]}},"_links":{"self":[{"href":"https:\/\/www.microtechpy.com\/pt\/wp-json\/wp\/v2\/pages\/770"}],"collection":[{"href":"https:\/\/www.microtechpy.com\/pt\/wp-json\/wp\/v2\/pages"}],"about":[{"href":"https:\/\/www.microtechpy.com\/pt\/wp-json\/wp\/v2\/types\/page"}],"author":[{"embeddable":true,"href":"https:\/\/www.microtechpy.com\/pt\/wp-json\/wp\/v2\/users\/2"}],"replies":[{"embeddable":true,"href":"https:\/\/www.microtechpy.com\/pt\/wp-json\/wp\/v2\/comments?post=770"}],"version-history":[{"count":30,"href":"https:\/\/www.microtechpy.com\/pt\/wp-json\/wp\/v2\/pages\/770\/revisions"}],"predecessor-version":[{"id":3740,"href":"https:\/\/www.microtechpy.com\/pt\/wp-json\/wp\/v2\/pages\/770\/revisions\/3740"}],"wp:attachment":[{"href":"https:\/\/www.microtechpy.com\/pt\/wp-json\/wp\/v2\/media?parent=770"}],"curies":[{"name":"wp","href":"https:\/\/api.w.org\/{rel}","templated":true}]}}